{"id":1419,"date":"2022-10-05T09:25:20","date_gmt":"2022-10-05T09:25:20","guid":{"rendered":"https:\/\/calshandmadedesign.com\/inicio\/"},"modified":"2024-04-07T09:39:43","modified_gmt":"2024-04-07T09:39:43","slug":"inicio","status":"publish","type":"page","link":"https:\/\/calshandmadedesign.com\/es\/","title":{"rendered":"Inicio"},"content":{"rendered":"\t\t<div data-elementor-type=\"wp-page\" data-elementor-id=\"1419\" class=\"elementor elementor-1419 elementor-20\" data-elementor-post-type=\"page\">\n\t\t\t\t\t\t<section class=\"elementor-section elementor-top-section elementor-element elementor-element-904b0f4 elementor-section-full_width elementor-section-height-min-height elementor-section-items-bottom imatgeinici elementor-section-height-default\" data-id=\"904b0f4\" data-element_type=\"section\" data-e-type=\"section\" data-settings=\"{&quot;background_background&quot;:&quot;classic&quot;}\">\n\t\t\t\t\t\t<div class=\"elementor-container elementor-column-gap-no\">\n\t\t\t\t\t<div class=\"elementor-column elementor-col-100 elementor-top-column elementor-element elementor-element-8841841\" data-id=\"8841841\" data-element_type=\"column\" data-e-type=\"column\">\n\t\t\t<div class=\"elementor-widget-wrap elementor-element-populated\">\n\t\t\t\t\t\t<div class=\"elementor-element elementor-element-3d71f76 elementor-widget__width-initial elementor-widget elementor-widget-text-editor\" data-id=\"3d71f76\" data-element_type=\"widget\" data-e-type=\"widget\" data-settings=\"{&quot;motion_fx_opacity_effect&quot;:&quot;yes&quot;,&quot;motion_fx_opacity_direction&quot;:&quot;in-out&quot;,&quot;motion_fx_motion_fx_scrolling&quot;:&quot;yes&quot;,&quot;motion_fx_opacity_range&quot;:{&quot;unit&quot;:&quot;%&quot;,&quot;size&quot;:&quot;&quot;,&quot;sizes&quot;:{&quot;start&quot;:35,&quot;end&quot;:80}},&quot;motion_fx_opacity_level&quot;:{&quot;unit&quot;:&quot;px&quot;,&quot;size&quot;:10,&quot;sizes&quot;:[]},&quot;motion_fx_devices&quot;:[&quot;desktop&quot;,&quot;tablet&quot;,&quot;mobile&quot;]}\" data-widget_type=\"text-editor.default\">\n\t\t\t\t<div class=\"elementor-widget-container\">\n\t\t\t\t\t\t\t\t\t<span class=\"logofix\"><img decoding=\"async\" src=\"https:\/\/calshandmadedesign.com\/wp-content\/uploads\/2022\/08\/cals_blanc.svg\"><\/span>\n<span class=\"textlogofix\">dise\u00f1a y produce de manera artesanal piezas \u00fanicas para que disfrutes de tu hogar.<\/span>\t\t\t\t\t\t\t\t<\/div>\n\t\t\t\t<\/div>\n\t\t\t\t\t<\/div>\n\t\t<\/div>\n\t\t\t\t\t<\/div>\n\t\t<\/section>\n\t\t\t\t<section class=\"elementor-section elementor-top-section elementor-element elementor-element-83fdc7e elementor-section-full_width elementor-section-height-default elementor-section-height-default\" data-id=\"83fdc7e\" data-element_type=\"section\" data-e-type=\"section\">\n\t\t\t\t\t\t<div class=\"elementor-container elementor-column-gap-no\">\n\t\t\t\t\t<div class=\"elementor-column elementor-col-100 elementor-top-column elementor-element elementor-element-32ee86d\" data-id=\"32ee86d\" data-element_type=\"column\" data-e-type=\"column\">\n\t\t\t<div class=\"elementor-widget-wrap elementor-element-populated\">\n\t\t\t\t\t\t<div class=\"elementor-element elementor-element-3ea1679 elementor-widget__width-initial elementor-widget elementor-widget-heading\" data-id=\"3ea1679\" data-element_type=\"widget\" data-e-type=\"widget\" data-widget_type=\"heading.default\">\n\t\t\t\t<div class=\"elementor-widget-container\">\n\t\t\t\t\t<h2 class=\"elementor-heading-title elementor-size-default\">Objetos de inspiraci\u00f3n arquitect\u00f3nica con \nmirada natural y confecci\u00f3n artesana.<\/h2>\t\t\t\t<\/div>\n\t\t\t\t<\/div>\n\t\t\t\t\t<\/div>\n\t\t<\/div>\n\t\t\t\t\t<\/div>\n\t\t<\/section>\n\t\t\t\t<section class=\"elementor-section elementor-top-section elementor-element elementor-element-7f7e961 elementor-section-full_width elementor-section-height-default elementor-section-height-default\" data-id=\"7f7e961\" data-element_type=\"section\" data-e-type=\"section\" data-settings=\"{&quot;background_background&quot;:&quot;classic&quot;}\">\n\t\t\t\t\t\t<div class=\"elementor-container elementor-column-gap-no\">\n\t\t\t\t\t<div class=\"elementor-column elementor-col-100 elementor-top-column elementor-element elementor-element-c9f5db8\" data-id=\"c9f5db8\" data-element_type=\"column\" data-e-type=\"column\">\n\t\t\t<div class=\"elementor-widget-wrap elementor-element-populated\">\n\t\t\t\t\t\t<div class=\"elementor-element elementor-element-d9ec33a elementor-widget elementor-widget-heading\" data-id=\"d9ec33a\" data-element_type=\"widget\" data-e-type=\"widget\" data-widget_type=\"heading.default\">\n\t\t\t\t<div class=\"elementor-widget-container\">\n\t\t\t\t\t<p class=\"elementor-heading-title elementor-size-default\">productos<\/p>\t\t\t\t<\/div>\n\t\t\t\t<\/div>\n\t\t\t\t<div class=\"elementor-element elementor-element-34c7e66 elementor-grid-2 elementor-product-loop-item--align-center producteshome elementor-grid-tablet-2 elementor-grid-mobile-1 elementor-hidden-desktop elementor-hidden-tablet elementor-products-grid elementor-wc-products elementor-widget elementor-widget-woocommerce-products\" data-id=\"34c7e66\" data-element_type=\"widget\" data-e-type=\"widget\" data-widget_type=\"woocommerce-products.default\">\n\t\t\t\t<div class=\"elementor-widget-container\">\n\t\t\t\t\t<div class=\"woocommerce columns-2 \"><ul class=\"products elementor-grid columns-2\">\n<li class=\"product type-product post-1471 status-publish first instock product_cat-sense-categoria-es has-post-thumbnail taxable shipping-taxable purchasable product-type-variable\">\n\t<a href=\"https:\/\/calshandmadedesign.com\/es\/producto\/llavors\/\" class=\"woocommerce-LoopProduct-link woocommerce-loop-product__link\"><img fetchpriority=\"high\" decoding=\"async\" width=\"300\" height=\"400\" src=\"https:\/\/calshandmadedesign.com\/wp-content\/uploads\/2022\/07\/llavorsproducte-600x800.jpg\" class=\"attachment-woocommerce_thumbnail size-woocommerce_thumbnail\" alt=\"Llavors\" srcset=\"https:\/\/calshandmadedesign.com\/wp-content\/uploads\/2022\/07\/llavorsproducte-600x800.jpg 600w, https:\/\/calshandmadedesign.com\/wp-content\/uploads\/2022\/07\/llavorsproducte-225x300.jpg 225w, https:\/\/calshandmadedesign.com\/wp-content\/uploads\/2022\/07\/llavorsproducte-768x1024.jpg 768w, https:\/\/calshandmadedesign.com\/wp-content\/uploads\/2022\/07\/llavorsproducte-1152x1536.jpg 1152w, https:\/\/calshandmadedesign.com\/wp-content\/uploads\/2022\/07\/llavorsproducte.jpg 1536w\" sizes=\"(max-width: 300px) 100vw, 300px\" \/><h2 class=\"woocommerce-loop-product__title\">Llavors<\/h2>\n\t<span class=\"price\"><span class=\"woocommerce-Price-amount amount\" aria-hidden=\"true\"><bdi>35,00&nbsp;<span class=\"woocommerce-Price-currencySymbol\">&euro;<\/span><\/bdi><\/span> <span aria-hidden=\"true\">-<\/span> <span class=\"woocommerce-Price-amount amount\" aria-hidden=\"true\"><bdi>88,00&nbsp;<span class=\"woocommerce-Price-currencySymbol\">&euro;<\/span><\/bdi><\/span><span class=\"screen-reader-text\">Rango de precios: desde 35,00&nbsp;&euro; hasta 88,00&nbsp;&euro;<\/span><\/span>\n<\/a><a href=\"https:\/\/calshandmadedesign.com\/es\/producto\/llavors\/\" aria-describedby=\"woocommerce_loop_add_to_cart_link_describedby_1471\" data-quantity=\"1\" class=\"button product_type_variable add_to_cart_button\" data-product_id=\"1471\" data-product_sku=\"\" aria-label=\"Elige las opciones para &ldquo;Llavors&rdquo;\" rel=\"nofollow\">Seleccionar opciones<\/a>\t<span id=\"woocommerce_loop_add_to_cart_link_describedby_1471\" class=\"screen-reader-text\">\n\t\tEste producto tiene m\u00faltiples variantes. Las opciones se pueden elegir en la p\u00e1gina de producto\t<\/span>\n<\/li>\n<\/ul>\n<\/div>\t\t\t\t<\/div>\n\t\t\t\t<\/div>\n\t\t\t\t<div class=\"elementor-element elementor-element-348de5c elementor-widget__width-initial elementor-hidden-desktop elementor-hidden-tablet elementor-widget elementor-widget-heading\" data-id=\"348de5c\" data-element_type=\"widget\" data-e-type=\"widget\" data-widget_type=\"heading.default\">\n\t\t\t\t<div class=\"elementor-widget-container\">\n\t\t\t\t\t<p class=\"elementor-heading-title elementor-size-default\">Macetas de terracota blanca para las \nplantas de interior m\u00e1s estilosas<\/p>\t\t\t\t<\/div>\n\t\t\t\t<\/div>\n\t\t\t\t<div class=\"elementor-element elementor-element-c2bf564 elementor-grid-2 elementor-product-loop-item--align-center producteshome elementor-grid-tablet-2 elementor-grid-mobile-1 elementor-hidden-desktop elementor-hidden-tablet elementor-products-grid elementor-wc-products elementor-widget elementor-widget-woocommerce-products\" data-id=\"c2bf564\" data-element_type=\"widget\" data-e-type=\"widget\" data-widget_type=\"woocommerce-products.default\">\n\t\t\t\t<div class=\"elementor-widget-container\">\n\t\t\t\t\t<div class=\"woocommerce columns-2 \"><ul class=\"products elementor-grid columns-2\">\n<li class=\"product type-product post-1438 status-publish first instock product_cat-sense-categoria-es has-post-thumbnail taxable shipping-taxable purchasable product-type-variable\">\n\t<a href=\"https:\/\/calshandmadedesign.com\/es\/producto\/ous-ferrats\/\" class=\"woocommerce-LoopProduct-link woocommerce-loop-product__link\"><img decoding=\"async\" width=\"300\" height=\"400\" src=\"https:\/\/calshandmadedesign.com\/wp-content\/uploads\/2022\/07\/ouferrat_producte-600x800.jpg\" class=\"attachment-woocommerce_thumbnail size-woocommerce_thumbnail\" alt=\"Ous ferrats\" srcset=\"https:\/\/calshandmadedesign.com\/wp-content\/uploads\/2022\/07\/ouferrat_producte-600x800.jpg 600w, https:\/\/calshandmadedesign.com\/wp-content\/uploads\/2022\/07\/ouferrat_producte-225x300.jpg 225w, https:\/\/calshandmadedesign.com\/wp-content\/uploads\/2022\/07\/ouferrat_producte-768x1024.jpg 768w, https:\/\/calshandmadedesign.com\/wp-content\/uploads\/2022\/07\/ouferrat_producte.jpg 1122w\" sizes=\"(max-width: 300px) 100vw, 300px\" \/><h2 class=\"woocommerce-loop-product__title\">Ous ferrats<\/h2>\n\t<span class=\"price\"><span class=\"woocommerce-Price-amount amount\" aria-hidden=\"true\"><bdi>35,00&nbsp;<span class=\"woocommerce-Price-currencySymbol\">&euro;<\/span><\/bdi><\/span> <span aria-hidden=\"true\">-<\/span> <span class=\"woocommerce-Price-amount amount\" aria-hidden=\"true\"><bdi>217,00&nbsp;<span class=\"woocommerce-Price-currencySymbol\">&euro;<\/span><\/bdi><\/span><span class=\"screen-reader-text\">Rango de precios: desde 35,00&nbsp;&euro; hasta 217,00&nbsp;&euro;<\/span><\/span>\n<\/a><a href=\"https:\/\/calshandmadedesign.com\/es\/producto\/ous-ferrats\/\" aria-describedby=\"woocommerce_loop_add_to_cart_link_describedby_1438\" data-quantity=\"1\" class=\"button product_type_variable add_to_cart_button\" data-product_id=\"1438\" data-product_sku=\"\" aria-label=\"Elige las opciones para &ldquo;Ous ferrats&rdquo;\" rel=\"nofollow\">Seleccionar opciones<\/a>\t<span id=\"woocommerce_loop_add_to_cart_link_describedby_1438\" class=\"screen-reader-text\">\n\t\tEste producto tiene m\u00faltiples variantes. Las opciones se pueden elegir en la p\u00e1gina de producto\t<\/span>\n<\/li>\n<\/ul>\n<\/div>\t\t\t\t<\/div>\n\t\t\t\t<\/div>\n\t\t\t\t<div class=\"elementor-element elementor-element-1830b5c elementor-widget__width-initial elementor-widget-mobile__width-inherit elementor-hidden-desktop elementor-hidden-tablet elementor-widget elementor-widget-heading\" data-id=\"1830b5c\" data-element_type=\"widget\" data-e-type=\"widget\" data-widget_type=\"heading.default\">\n\t\t\t\t<div class=\"elementor-widget-container\">\n\t\t\t\t\t<p class=\"elementor-heading-title elementor-size-default\">Percheros para aquellos que quieran tener\n un recibidor original<\/p>\t\t\t\t<\/div>\n\t\t\t\t<\/div>\n\t\t\t\t<div class=\"elementor-element elementor-element-504076a elementor-grid-2 elementor-product-loop-item--align-center producteshome elementor-grid-tablet-2 elementor-grid-mobile-1 elementor-hidden-mobile elementor-products-grid elementor-wc-products elementor-widget elementor-widget-woocommerce-products\" data-id=\"504076a\" data-element_type=\"widget\" data-e-type=\"widget\" data-widget_type=\"woocommerce-products.default\">\n\t\t\t\t<div class=\"elementor-widget-container\">\n\t\t\t\t\t<div class=\"woocommerce columns-2 \"><ul class=\"products elementor-grid columns-2\">\n<li class=\"product type-product post-1471 status-publish first instock product_cat-sense-categoria-es has-post-thumbnail taxable shipping-taxable purchasable product-type-variable\">\n\t<a href=\"https:\/\/calshandmadedesign.com\/es\/producto\/llavors\/\" class=\"woocommerce-LoopProduct-link woocommerce-loop-product__link\"><img fetchpriority=\"high\" decoding=\"async\" width=\"300\" height=\"400\" src=\"https:\/\/calshandmadedesign.com\/wp-content\/uploads\/2022\/07\/llavorsproducte-600x800.jpg\" class=\"attachment-woocommerce_thumbnail size-woocommerce_thumbnail\" alt=\"Llavors\" srcset=\"https:\/\/calshandmadedesign.com\/wp-content\/uploads\/2022\/07\/llavorsproducte-600x800.jpg 600w, https:\/\/calshandmadedesign.com\/wp-content\/uploads\/2022\/07\/llavorsproducte-225x300.jpg 225w, https:\/\/calshandmadedesign.com\/wp-content\/uploads\/2022\/07\/llavorsproducte-768x1024.jpg 768w, https:\/\/calshandmadedesign.com\/wp-content\/uploads\/2022\/07\/llavorsproducte-1152x1536.jpg 1152w, https:\/\/calshandmadedesign.com\/wp-content\/uploads\/2022\/07\/llavorsproducte.jpg 1536w\" sizes=\"(max-width: 300px) 100vw, 300px\" \/><h2 class=\"woocommerce-loop-product__title\">Llavors<\/h2>\n\t<span class=\"price\"><span class=\"woocommerce-Price-amount amount\" aria-hidden=\"true\"><bdi>35,00&nbsp;<span class=\"woocommerce-Price-currencySymbol\">&euro;<\/span><\/bdi><\/span> <span aria-hidden=\"true\">-<\/span> <span class=\"woocommerce-Price-amount amount\" aria-hidden=\"true\"><bdi>88,00&nbsp;<span class=\"woocommerce-Price-currencySymbol\">&euro;<\/span><\/bdi><\/span><span class=\"screen-reader-text\">Rango de precios: desde 35,00&nbsp;&euro; hasta 88,00&nbsp;&euro;<\/span><\/span>\n<\/a><a href=\"https:\/\/calshandmadedesign.com\/es\/producto\/llavors\/\" aria-describedby=\"woocommerce_loop_add_to_cart_link_describedby_1471\" data-quantity=\"1\" class=\"button product_type_variable add_to_cart_button\" data-product_id=\"1471\" data-product_sku=\"\" aria-label=\"Elige las opciones para &ldquo;Llavors&rdquo;\" rel=\"nofollow\">Seleccionar opciones<\/a>\t<span id=\"woocommerce_loop_add_to_cart_link_describedby_1471\" class=\"screen-reader-text\">\n\t\tEste producto tiene m\u00faltiples variantes. Las opciones se pueden elegir en la p\u00e1gina de producto\t<\/span>\n<\/li>\n<li class=\"product type-product post-1438 status-publish last instock product_cat-sense-categoria-es has-post-thumbnail taxable shipping-taxable purchasable product-type-variable\">\n\t<a href=\"https:\/\/calshandmadedesign.com\/es\/producto\/ous-ferrats\/\" class=\"woocommerce-LoopProduct-link woocommerce-loop-product__link\"><img decoding=\"async\" width=\"300\" height=\"400\" src=\"https:\/\/calshandmadedesign.com\/wp-content\/uploads\/2022\/07\/ouferrat_producte-600x800.jpg\" class=\"attachment-woocommerce_thumbnail size-woocommerce_thumbnail\" alt=\"Ous ferrats\" srcset=\"https:\/\/calshandmadedesign.com\/wp-content\/uploads\/2022\/07\/ouferrat_producte-600x800.jpg 600w, https:\/\/calshandmadedesign.com\/wp-content\/uploads\/2022\/07\/ouferrat_producte-225x300.jpg 225w, https:\/\/calshandmadedesign.com\/wp-content\/uploads\/2022\/07\/ouferrat_producte-768x1024.jpg 768w, https:\/\/calshandmadedesign.com\/wp-content\/uploads\/2022\/07\/ouferrat_producte.jpg 1122w\" sizes=\"(max-width: 300px) 100vw, 300px\" \/><h2 class=\"woocommerce-loop-product__title\">Ous ferrats<\/h2>\n\t<span class=\"price\"><span class=\"woocommerce-Price-amount amount\" aria-hidden=\"true\"><bdi>35,00&nbsp;<span class=\"woocommerce-Price-currencySymbol\">&euro;<\/span><\/bdi><\/span> <span aria-hidden=\"true\">-<\/span> <span class=\"woocommerce-Price-amount amount\" aria-hidden=\"true\"><bdi>217,00&nbsp;<span class=\"woocommerce-Price-currencySymbol\">&euro;<\/span><\/bdi><\/span><span class=\"screen-reader-text\">Rango de precios: desde 35,00&nbsp;&euro; hasta 217,00&nbsp;&euro;<\/span><\/span>\n<\/a><a href=\"https:\/\/calshandmadedesign.com\/es\/producto\/ous-ferrats\/\" aria-describedby=\"woocommerce_loop_add_to_cart_link_describedby_1438\" data-quantity=\"1\" class=\"button product_type_variable add_to_cart_button\" data-product_id=\"1438\" data-product_sku=\"\" aria-label=\"Elige las opciones para &ldquo;Ous ferrats&rdquo;\" rel=\"nofollow\">Seleccionar opciones<\/a>\t<span id=\"woocommerce_loop_add_to_cart_link_describedby_1438\" class=\"screen-reader-text\">\n\t\tEste producto tiene m\u00faltiples variantes. Las opciones se pueden elegir en la p\u00e1gina de producto\t<\/span>\n<\/li>\n<\/ul>\n<\/div>\t\t\t\t<\/div>\n\t\t\t\t<\/div>\n\t\t\t\t<section class=\"elementor-section elementor-inner-section elementor-element elementor-element-7ea79a3 elementor-section-full_width elementor-hidden-mobile elementor-section-height-default elementor-section-height-default\" data-id=\"7ea79a3\" data-element_type=\"section\" data-e-type=\"section\">\n\t\t\t\t\t\t<div class=\"elementor-container elementor-column-gap-no\">\n\t\t\t\t\t<div class=\"elementor-column elementor-col-50 elementor-inner-column elementor-element elementor-element-4286f4d\" data-id=\"4286f4d\" data-element_type=\"column\" data-e-type=\"column\">\n\t\t\t<div class=\"elementor-widget-wrap elementor-element-populated\">\n\t\t\t\t\t\t<div class=\"elementor-element elementor-element-29154db elementor-widget__width-initial elementor-widget elementor-widget-heading\" data-id=\"29154db\" data-element_type=\"widget\" data-e-type=\"widget\" data-widget_type=\"heading.default\">\n\t\t\t\t<div class=\"elementor-widget-container\">\n\t\t\t\t\t<p class=\"elementor-heading-title elementor-size-default\">Macetas de terracota blanca para las \nplantas de interior m\u00e1s estilosas<\/p>\t\t\t\t<\/div>\n\t\t\t\t<\/div>\n\t\t\t\t\t<\/div>\n\t\t<\/div>\n\t\t\t\t<div class=\"elementor-column elementor-col-50 elementor-inner-column elementor-element elementor-element-d6ea075\" data-id=\"d6ea075\" data-element_type=\"column\" data-e-type=\"column\">\n\t\t\t<div class=\"elementor-widget-wrap elementor-element-populated\">\n\t\t\t\t\t\t<div class=\"elementor-element elementor-element-4424e4b elementor-widget__width-initial elementor-widget elementor-widget-heading\" data-id=\"4424e4b\" data-element_type=\"widget\" data-e-type=\"widget\" data-widget_type=\"heading.default\">\n\t\t\t\t<div class=\"elementor-widget-container\">\n\t\t\t\t\t<p class=\"elementor-heading-title elementor-size-default\">Percheros para aquellos que quieran tener\n un recibidor original<\/p>\t\t\t\t<\/div>\n\t\t\t\t<\/div>\n\t\t\t\t\t<\/div>\n\t\t<\/div>\n\t\t\t\t\t<\/div>\n\t\t<\/section>\n\t\t\t\t\t<\/div>\n\t\t<\/div>\n\t\t\t\t\t<\/div>\n\t\t<\/section>\n\t\t\t\t<section class=\"elementor-section elementor-top-section elementor-element elementor-element-c77475c elementor-section-full_width elementor-section-height-default elementor-section-height-default\" data-id=\"c77475c\" data-element_type=\"section\" data-e-type=\"section\">\n\t\t\t\t\t\t<div class=\"elementor-container elementor-column-gap-no\">\n\t\t\t\t\t<div class=\"elementor-column elementor-col-100 elementor-top-column elementor-element elementor-element-9ad675e\" data-id=\"9ad675e\" data-element_type=\"column\" data-e-type=\"column\">\n\t\t\t<div class=\"elementor-widget-wrap elementor-element-populated\">\n\t\t\t\t\t\t<div class=\"elementor-element elementor-element-e8c3d96 elementor-widget__width-initial elementor-widget elementor-widget-heading\" data-id=\"e8c3d96\" data-element_type=\"widget\" data-e-type=\"widget\" data-widget_type=\"heading.default\">\n\t\t\t\t<div class=\"elementor-widget-container\">\n\t\t\t\t\t<h2 class=\"elementor-heading-title elementor-size-default\">Desarrollados y manufacturados uno a uno por las manos \nde Joana Descals con materiales nobles de calidad y \ny acabados honestos y exigentes<\/h2>\t\t\t\t<\/div>\n\t\t\t\t<\/div>\n\t\t\t\t<div class=\"elementor-element elementor-element-8c1e69e elementor-align-center elementor-widget elementor-widget-button\" data-id=\"8c1e69e\" data-element_type=\"widget\" data-e-type=\"widget\" data-widget_type=\"button.default\">\n\t\t\t\t<div class=\"elementor-widget-container\">\n\t\t\t\t\t\t\t\t\t<div class=\"elementor-button-wrapper\">\n\t\t\t\t\t<a class=\"elementor-button elementor-button-link elementor-size-sm\" href=\"https:\/\/calshandmadedesign.com\/es\/sobre-cals\/\">\n\t\t\t\t\t\t<span class=\"elementor-button-content-wrapper\">\n\t\t\t\t\t\t\t\t\t<span class=\"elementor-button-text\">Leer m\u00e1s sobre Cals<\/span>\n\t\t\t\t\t<\/span>\n\t\t\t\t\t<\/a>\n\t\t\t\t<\/div>\n\t\t\t\t\t\t\t\t<\/div>\n\t\t\t\t<\/div>\n\t\t\t\t\t<\/div>\n\t\t<\/div>\n\t\t\t\t\t<\/div>\n\t\t<\/section>\n\t\t\t\t<section class=\"elementor-section elementor-top-section elementor-element elementor-element-c25a63e elementor-section-full_width elementor-section-height-min-height elementor-section-height-default elementor-section-items-middle\" data-id=\"c25a63e\" data-element_type=\"section\" data-e-type=\"section\" data-settings=\"{&quot;background_background&quot;:&quot;classic&quot;}\">\n\t\t\t\t\t\t<div class=\"elementor-container elementor-column-gap-no\">\n\t\t\t\t\t<div class=\"elementor-column elementor-col-100 elementor-top-column elementor-element elementor-element-f6445ea\" data-id=\"f6445ea\" data-element_type=\"column\" data-e-type=\"column\">\n\t\t\t<div class=\"elementor-widget-wrap\">\n\t\t\t\t\t\t\t<\/div>\n\t\t<\/div>\n\t\t\t\t\t<\/div>\n\t\t<\/section>\n\t\t\t\t<section class=\"elementor-section elementor-top-section elementor-element elementor-element-7e5f0dd elementor-section-full_width elementor-section-height-default elementor-section-height-default\" data-id=\"7e5f0dd\" data-element_type=\"section\" data-e-type=\"section\">\n\t\t\t\t\t\t<div class=\"elementor-container elementor-column-gap-no\">\n\t\t\t\t\t<div class=\"elementor-column elementor-col-50 elementor-top-column elementor-element elementor-element-e81a046\" data-id=\"e81a046\" data-element_type=\"column\" data-e-type=\"column\">\n\t\t\t<div class=\"elementor-widget-wrap elementor-element-populated\">\n\t\t\t\t\t\t<div class=\"elementor-element elementor-element-0e8dac0 elementor-view-default elementor-widget elementor-widget-icon\" data-id=\"0e8dac0\" data-element_type=\"widget\" data-e-type=\"widget\" data-widget_type=\"icon.default\">\n\t\t\t\t<div class=\"elementor-widget-container\">\n\t\t\t\t\t\t\t<div class=\"elementor-icon-wrapper\">\n\t\t\t<a class=\"elementor-icon\" href=\"https:\/\/www.instagram.com\/cals_handmadedesign\/\" target=\"_blank\" rel=\"nofollow\">\n\t\t\t<svg xmlns=\"http:\/\/www.w3.org\/2000\/svg\" xmlns:xlink=\"http:\/\/www.w3.org\/1999\/xlink\" id=\"Capa_1\" x=\"0px\" y=\"0px\" viewBox=\"0 0 31.4 31.2\" style=\"enable-background:new 0 0 31.4 31.2;\" xml:space=\"preserve\"><g>\t<g>\t\t<path d=\"M22.1,30.1H9.3c-1.1,0-2.2-0.2-3.2-0.6s-1.8-1-2.6-1.7c-0.7-0.7-1.3-1.6-1.7-2.6S1.2,23.1,1.2,22V9.2C1.2,8.1,1.4,7,1.8,6   s1-1.8,1.7-2.6c0.7-0.7,1.6-1.3,2.6-1.7s2.1-0.6,3.2-0.6H22c1.1,0,2.2,0.2,3.2,0.6s1.8,1,2.6,1.7C28.5,4.1,29.1,5,29.5,6   c0.4,1,0.6,2.1,0.6,3.2v12.7c0,1.1-0.2,2.2-0.6,3.2s-1,1.8-1.7,2.6c-0.7,0.7-1.6,1.3-2.6,1.7C24.2,29.9,23.2,30.1,22.1,30.1z    M9.3,2.1c-1,0-1.9,0.2-2.8,0.6C5.7,3,5,3.5,4.3,4.2C3.7,4.8,3.1,5.6,2.8,6.4C2.4,7.3,2.2,8.3,2.2,9.2v12.7c0,1,0.2,1.9,0.6,2.8   c0.4,0.8,0.9,1.6,1.5,2.3c0.7,0.7,1.4,1.2,2.3,1.5C7.4,28.9,8.4,29,9.3,29H22c1,0,1.9-0.2,2.8-0.6c0.8-0.4,1.6-0.9,2.3-1.5   c0.7-0.7,1.2-1.4,1.5-2.3c0.4-0.9,0.6-1.8,0.6-2.8V9.2c0-1-0.2-1.9-0.6-2.8c-0.4-0.8-0.9-1.6-1.5-2.3c-0.7-0.7-1.4-1.2-2.3-1.5   C23.9,2.2,23,2,22,2H9.3V2.1z\"><\/path>\t<\/g>\t<g>\t\t<path d=\"M15.7,22.6c-1,0-1.9-0.2-2.8-0.6c-0.8-0.4-1.6-0.9-2.2-1.5c-0.6-0.6-1.2-1.4-1.5-2.2c-0.4-0.9-0.6-1.8-0.6-2.8   s0.2-1.9,0.6-2.8c0.4-0.8,0.9-1.6,1.5-2.2c0.6-0.6,1.4-1.2,2.2-1.5c0.9-0.4,1.8-0.6,2.8-0.6s1.9,0.2,2.8,0.6   c0.8,0.4,1.6,0.9,2.2,1.5s1.2,1.4,1.5,2.2c0.4,0.9,0.6,1.8,0.6,2.8s-0.2,1.9-0.6,2.8c-0.4,0.8-0.9,1.6-1.5,2.2s-1.4,1.2-2.2,1.5   C17.6,22.5,16.6,22.6,15.7,22.6z M15.7,9.5c-1.6,0-3.1,0.6-4.3,1.8S9.7,14,9.7,15.6s0.6,3.1,1.8,4.3c1.1,1.1,2.7,1.8,4.3,1.8   s3.1-0.6,4.3-1.8c1.1-1.1,1.8-2.7,1.8-4.3s-0.6-3.1-1.8-4.3C18.8,10.2,17.3,9.5,15.7,9.5z\"><\/path>\t<\/g>\t<g>\t\t<circle cx=\"23.9\" cy=\"7.4\" r=\"0.9\"><\/circle>\t<\/g><\/g><\/svg>\t\t\t<\/a>\n\t\t<\/div>\n\t\t\t\t\t\t<\/div>\n\t\t\t\t<\/div>\n\t\t\t\t\t<\/div>\n\t\t<\/div>\n\t\t\t\t<div class=\"elementor-column elementor-col-50 elementor-top-column elementor-element elementor-element-8270315\" data-id=\"8270315\" data-element_type=\"column\" data-e-type=\"column\">\n\t\t\t<div class=\"elementor-widget-wrap elementor-element-populated\">\n\t\t\t\t\t\t<div class=\"elementor-element elementor-element-3a3d806 elementor-align-right elementor-mobile-align-center elementor-widget elementor-widget-button\" data-id=\"3a3d806\" data-element_type=\"widget\" data-e-type=\"widget\" data-widget_type=\"button.default\">\n\t\t\t\t<div class=\"elementor-widget-container\">\n\t\t\t\t\t\t\t\t\t<div class=\"elementor-button-wrapper\">\n\t\t\t\t\t<a class=\"elementor-button elementor-button-link elementor-size-sm\" href=\"https:\/\/www.instagram.com\/cals_handmadedesign\/\" target=\"_blank\" rel=\"nofollow\">\n\t\t\t\t\t\t<span class=\"elementor-button-content-wrapper\">\n\t\t\t\t\t\t\t\t\t<span class=\"elementor-button-text\">@cals_handmadedesign<\/span>\n\t\t\t\t\t<\/span>\n\t\t\t\t\t<\/a>\n\t\t\t\t<\/div>\n\t\t\t\t\t\t\t\t<\/div>\n\t\t\t\t<\/div>\n\t\t\t\t\t<\/div>\n\t\t<\/div>\n\t\t\t\t\t<\/div>\n\t\t<\/section>\n\t\t\t\t<\/div>\n\t\t","protected":false},"excerpt":{"rendered":"<p>dise\u00f1a y produce de manera artesanal piezas \u00fanicas para que disfrutes de tu hogar. Objetos de inspiraci\u00f3n arquitect\u00f3nica con mirada natural y confecci\u00f3n artesana. productos Macetas de terracota blanca para las plantas de interior m\u00e1s estilosas Percheros para aquellos que quieran tener un recibidor original Macetas de terracota blanca para las plantas de interior m\u00e1s [&hellip;]<\/p>\n","protected":false},"author":1,"featured_media":0,"parent":0,"menu_order":0,"comment_status":"closed","ping_status":"closed","template":"elementor_header_footer","meta":{"inline_featured_image":false,"footnotes":""},"class_list":["post-1419","page","type-page","status-publish","hentry"],"_links":{"self":[{"href":"https:\/\/calshandmadedesign.com\/es\/wp-json\/wp\/v2\/pages\/1419","targetHints":{"allow":["GET"]}}],"collection":[{"href":"https:\/\/calshandmadedesign.com\/es\/wp-json\/wp\/v2\/pages"}],"about":[{"href":"https:\/\/calshandmadedesign.com\/es\/wp-json\/wp\/v2\/types\/page"}],"author":[{"embeddable":true,"href":"https:\/\/calshandmadedesign.com\/es\/wp-json\/wp\/v2\/users\/1"}],"replies":[{"embeddable":true,"href":"https:\/\/calshandmadedesign.com\/es\/wp-json\/wp\/v2\/comments?post=1419"}],"version-history":[{"count":8,"href":"https:\/\/calshandmadedesign.com\/es\/wp-json\/wp\/v2\/pages\/1419\/revisions"}],"predecessor-version":[{"id":2210,"href":"https:\/\/calshandmadedesign.com\/es\/wp-json\/wp\/v2\/pages\/1419\/revisions\/2210"}],"wp:attachment":[{"href":"https:\/\/calshandmadedesign.com\/es\/wp-json\/wp\/v2\/media?parent=1419"}],"curies":[{"name":"wp","href":"https:\/\/api.w.org\/{rel}","templated":true}]}}