{"id":1513,"date":"2022-10-05T10:55:10","date_gmt":"2022-10-05T10:55:10","guid":{"rendered":"https:\/\/calshandmadedesign.com\/pieza-unica\/"},"modified":"2022-10-14T07:21:50","modified_gmt":"2022-10-14T07:21:50","slug":"pieza-unica","status":"publish","type":"page","link":"https:\/\/calshandmadedesign.com\/es\/pieza-unica\/","title":{"rendered":"Pieza \u00fanica"},"content":{"rendered":"\t\t<div data-elementor-type=\"wp-page\" data-elementor-id=\"1513\" class=\"elementor elementor-1513 elementor-349\" data-elementor-post-type=\"page\">\n\t\t\t\t\t\t<section class=\"elementor-section elementor-top-section elementor-element elementor-element-8e5d78d elementor-section-full_width imatgeinici elementor-section-height-min-height elementor-section-height-default elementor-section-items-middle\" data-id=\"8e5d78d\" data-element_type=\"section\" data-e-type=\"section\" data-settings=\"{&quot;background_background&quot;:&quot;classic&quot;}\">\n\t\t\t\t\t\t<div class=\"elementor-container elementor-column-gap-no\">\n\t\t\t\t\t<div class=\"elementor-column elementor-col-50 elementor-top-column elementor-element elementor-element-c92007b\" data-id=\"c92007b\" data-element_type=\"column\" data-e-type=\"column\" data-settings=\"{&quot;background_background&quot;:&quot;classic&quot;}\">\n\t\t\t<div class=\"elementor-widget-wrap elementor-element-populated\">\n\t\t\t\t\t\t<div class=\"elementor-element elementor-element-80b7578 elementor-widget elementor-widget-spacer\" data-id=\"80b7578\" data-element_type=\"widget\" data-e-type=\"widget\" data-widget_type=\"spacer.default\">\n\t\t\t\t<div class=\"elementor-widget-container\">\n\t\t\t\t\t\t\t<div class=\"elementor-spacer\">\n\t\t\t<div class=\"elementor-spacer-inner\"><\/div>\n\t\t<\/div>\n\t\t\t\t\t\t<\/div>\n\t\t\t\t<\/div>\n\t\t\t\t\t<\/div>\n\t\t<\/div>\n\t\t\t\t<div class=\"elementor-column elementor-col-50 elementor-top-column elementor-element elementor-element-f202c17\" data-id=\"f202c17\" data-element_type=\"column\" data-e-type=\"column\" data-settings=\"{&quot;background_background&quot;:&quot;classic&quot;}\">\n\t\t\t<div class=\"elementor-widget-wrap elementor-element-populated\">\n\t\t\t\t\t\t<div class=\"elementor-element elementor-element-da3a233 elementor-widget elementor-widget-heading\" data-id=\"da3a233\" data-element_type=\"widget\" data-e-type=\"widget\" data-widget_type=\"heading.default\">\n\t\t\t\t<div class=\"elementor-widget-container\">\n\t\t\t\t\t<h2 class=\"elementor-heading-title elementor-size-default\">Pieza \u00fanica<\/h2>\t\t\t\t<\/div>\n\t\t\t\t<\/div>\n\t\t\t\t<div class=\"elementor-element elementor-element-8c6dd8d elementor-widget elementor-widget-text-editor\" data-id=\"8c6dd8d\" data-element_type=\"widget\" data-e-type=\"widget\" data-widget_type=\"text-editor.default\">\n\t\t\t\t<div class=\"elementor-widget-container\">\n\t\t\t\t\t\t\t\t\t<p>\u00bfTienes una idea que no sabes c\u00f3mo materializar?<br \/>\u00bfQuieres un mueble u objeto \u00fanico inspirado en ti y en tu espacio?<br \/>\u00bfTe interesa alguna de las piezas de Cals, pero necesitas unes medidas o acabados espec\u00edficos?<\/p>\n\t\t\t\t\t\t\t\t<\/div>\n\t\t\t\t<\/div>\n\t\t\t\t<div class=\"elementor-element elementor-element-5df7658 elementor-align-left elementor-widget elementor-widget-button\" data-id=\"5df7658\" data-element_type=\"widget\" data-e-type=\"widget\" data-widget_type=\"button.default\">\n\t\t\t\t<div class=\"elementor-widget-container\">\n\t\t\t\t\t\t\t\t\t<div class=\"elementor-button-wrapper\">\n\t\t\t\t\t<a class=\"elementor-button elementor-button-link elementor-size-sm\" href=\"#comprar\">\n\t\t\t\t\t\t<span class=\"elementor-button-content-wrapper\">\n\t\t\t\t\t\t\t\t\t<span class=\"elementor-button-text\">comprar<\/span>\n\t\t\t\t\t<\/span>\n\t\t\t\t\t<\/a>\n\t\t\t\t<\/div>\n\t\t\t\t\t\t\t\t<\/div>\n\t\t\t\t<\/div>\n\t\t\t\t\t<\/div>\n\t\t<\/div>\n\t\t\t\t\t<\/div>\n\t\t<\/section>\n\t\t\t\t<section class=\"elementor-section elementor-top-section elementor-element elementor-element-9c20f85 elementor-section-full_width elementor-section-height-default elementor-section-height-default\" data-id=\"9c20f85\" data-element_type=\"section\" data-e-type=\"section\">\n\t\t\t\t\t\t<div class=\"elementor-container elementor-column-gap-no\">\n\t\t\t\t\t<div class=\"elementor-column elementor-col-100 elementor-top-column elementor-element elementor-element-2fa468e\" data-id=\"2fa468e\" data-element_type=\"column\" data-e-type=\"column\">\n\t\t\t<div class=\"elementor-widget-wrap elementor-element-populated\">\n\t\t\t\t\t\t<div class=\"elementor-element elementor-element-2637b52 elementor-widget__width-initial elementor-widget elementor-widget-text-editor\" data-id=\"2637b52\" data-element_type=\"widget\" data-e-type=\"widget\" data-widget_type=\"text-editor.default\">\n\t\t\t\t<div class=\"elementor-widget-container\">\n\t\t\t\t\t\t\t\t\t<p>En Cals disponemos de la infraestructura necesaria para hacer realidad tus proyectos.<br \/>El taller de cer\u00e1mica y la carpinter\u00eda profesional, acompa\u00f1ados de las manos inquietas de Joana Descals y la colaboraci\u00f3n con el carpintero Miquel Giralt, nos permiten hacer volar la imaginaci\u00f3n<br \/>y combinar disciplines para crear piezas \u00fanicas de la m\u00e1xima calidad.<\/p>\n\t\t\t\t\t\t\t\t<\/div>\n\t\t\t\t<\/div>\n\t\t\t\t\t<\/div>\n\t\t<\/div>\n\t\t\t\t\t<\/div>\n\t\t<\/section>\n\t\t\t\t<section class=\"elementor-section elementor-top-section elementor-element elementor-element-f41c12c elementor-section-full_width elementor-section-height-default elementor-section-height-default\" data-id=\"f41c12c\" data-element_type=\"section\" data-e-type=\"section\">\n\t\t\t\t\t\t<div class=\"elementor-container elementor-column-gap-no\">\n\t\t\t\t\t<div class=\"elementor-column elementor-col-33 elementor-top-column elementor-element elementor-element-bb14070\" data-id=\"bb14070\" data-element_type=\"column\" data-e-type=\"column\">\n\t\t\t<div class=\"elementor-widget-wrap elementor-element-populated\">\n\t\t\t\t\t\t<div class=\"elementor-element elementor-element-a9bb41c elementor-widget elementor-widget-image\" data-id=\"a9bb41c\" data-element_type=\"widget\" data-e-type=\"widget\" data-widget_type=\"image.default\">\n\t\t\t\t<div class=\"elementor-widget-container\">\n\t\t\t\t\t\t\t\t\t\t\t\t\t\t\t<img fetchpriority=\"high\" decoding=\"async\" width=\"768\" height=\"1024\" src=\"https:\/\/calshandmadedesign.com\/wp-content\/uploads\/2022\/08\/23.fusteriaR-768x1024.jpg\" class=\"attachment-large size-large wp-image-1306\" alt=\"\" srcset=\"https:\/\/calshandmadedesign.com\/wp-content\/uploads\/2022\/08\/23.fusteriaR-768x1024.jpg 768w, https:\/\/calshandmadedesign.com\/wp-content\/uploads\/2022\/08\/23.fusteriaR-225x300.jpg 225w, https:\/\/calshandmadedesign.com\/wp-content\/uploads\/2022\/08\/23.fusteriaR-1152x1536.jpg 1152w, https:\/\/calshandmadedesign.com\/wp-content\/uploads\/2022\/08\/23.fusteriaR-300x400.jpg 300w, https:\/\/calshandmadedesign.com\/wp-content\/uploads\/2022\/08\/23.fusteriaR-600x800.jpg 600w, https:\/\/calshandmadedesign.com\/wp-content\/uploads\/2022\/08\/23.fusteriaR.jpg 1536w\" sizes=\"(max-width: 768px) 100vw, 768px\" \/>\t\t\t\t\t\t\t\t\t\t\t\t\t\t\t<\/div>\n\t\t\t\t<\/div>\n\t\t\t\t\t<\/div>\n\t\t<\/div>\n\t\t\t\t<div class=\"elementor-column elementor-col-33 elementor-top-column elementor-element elementor-element-d776db8\" data-id=\"d776db8\" data-element_type=\"column\" data-e-type=\"column\">\n\t\t\t<div class=\"elementor-widget-wrap elementor-element-populated\">\n\t\t\t\t\t\t<div class=\"elementor-element elementor-element-3be59c8 elementor-widget elementor-widget-image\" data-id=\"3be59c8\" data-element_type=\"widget\" data-e-type=\"widget\" data-widget_type=\"image.default\">\n\t\t\t\t<div class=\"elementor-widget-container\">\n\t\t\t\t\t\t\t\t\t\t\t\t\t\t\t<img decoding=\"async\" width=\"768\" height=\"1024\" src=\"https:\/\/calshandmadedesign.com\/wp-content\/uploads\/2022\/08\/24.fusteriaR-768x1024.jpg\" class=\"attachment-large size-large wp-image-1308\" alt=\"\" srcset=\"https:\/\/calshandmadedesign.com\/wp-content\/uploads\/2022\/08\/24.fusteriaR-768x1024.jpg 768w, https:\/\/calshandmadedesign.com\/wp-content\/uploads\/2022\/08\/24.fusteriaR-225x300.jpg 225w, https:\/\/calshandmadedesign.com\/wp-content\/uploads\/2022\/08\/24.fusteriaR-1152x1536.jpg 1152w, https:\/\/calshandmadedesign.com\/wp-content\/uploads\/2022\/08\/24.fusteriaR-300x400.jpg 300w, https:\/\/calshandmadedesign.com\/wp-content\/uploads\/2022\/08\/24.fusteriaR-600x800.jpg 600w, https:\/\/calshandmadedesign.com\/wp-content\/uploads\/2022\/08\/24.fusteriaR.jpg 1536w\" sizes=\"(max-width: 768px) 100vw, 768px\" \/>\t\t\t\t\t\t\t\t\t\t\t\t\t\t\t<\/div>\n\t\t\t\t<\/div>\n\t\t\t\t\t<\/div>\n\t\t<\/div>\n\t\t\t\t<div class=\"elementor-column elementor-col-33 elementor-top-column elementor-element elementor-element-85103ed\" data-id=\"85103ed\" data-element_type=\"column\" data-e-type=\"column\">\n\t\t\t<div class=\"elementor-widget-wrap elementor-element-populated\">\n\t\t\t\t\t\t<div class=\"elementor-element elementor-element-8a288c6 elementor-widget elementor-widget-image\" data-id=\"8a288c6\" data-element_type=\"widget\" data-e-type=\"widget\" data-widget_type=\"image.default\">\n\t\t\t\t<div class=\"elementor-widget-container\">\n\t\t\t\t\t\t\t\t\t\t\t\t\t\t\t<img decoding=\"async\" width=\"768\" height=\"1024\" src=\"https:\/\/calshandmadedesign.com\/wp-content\/uploads\/2022\/08\/25.fusteriaR-768x1024.jpg\" class=\"attachment-large size-large wp-image-1310\" alt=\"\" srcset=\"https:\/\/calshandmadedesign.com\/wp-content\/uploads\/2022\/08\/25.fusteriaR-768x1024.jpg 768w, https:\/\/calshandmadedesign.com\/wp-content\/uploads\/2022\/08\/25.fusteriaR-225x300.jpg 225w, https:\/\/calshandmadedesign.com\/wp-content\/uploads\/2022\/08\/25.fusteriaR-1152x1536.jpg 1152w, https:\/\/calshandmadedesign.com\/wp-content\/uploads\/2022\/08\/25.fusteriaR-300x400.jpg 300w, https:\/\/calshandmadedesign.com\/wp-content\/uploads\/2022\/08\/25.fusteriaR-600x800.jpg 600w, https:\/\/calshandmadedesign.com\/wp-content\/uploads\/2022\/08\/25.fusteriaR.jpg 1536w\" sizes=\"(max-width: 768px) 100vw, 768px\" \/>\t\t\t\t\t\t\t\t\t\t\t\t\t\t\t<\/div>\n\t\t\t\t<\/div>\n\t\t\t\t\t<\/div>\n\t\t<\/div>\n\t\t\t\t\t<\/div>\n\t\t<\/section>\n\t\t\t\t<section class=\"elementor-section elementor-top-section elementor-element elementor-element-7aa4ece elementor-section-full_width elementor-section-height-default elementor-section-height-default\" data-id=\"7aa4ece\" data-element_type=\"section\" data-e-type=\"section\">\n\t\t\t\t\t\t<div class=\"elementor-container elementor-column-gap-no\">\n\t\t\t\t\t<div class=\"elementor-column elementor-col-50 elementor-top-column elementor-element elementor-element-348e758\" data-id=\"348e758\" data-element_type=\"column\" data-e-type=\"column\" data-settings=\"{&quot;background_background&quot;:&quot;classic&quot;}\">\n\t\t\t<div class=\"elementor-widget-wrap elementor-element-populated\">\n\t\t\t\t\t\t<div class=\"elementor-element elementor-element-758cb01 elementor-pagination-position-inside elementor-arrows-position-inside elementor-widget elementor-widget-image-carousel\" data-id=\"758cb01\" data-element_type=\"widget\" data-e-type=\"widget\" data-settings=\"{&quot;slides_to_show&quot;:&quot;1&quot;,&quot;autoplay&quot;:&quot;no&quot;,&quot;navigation&quot;:&quot;both&quot;,&quot;infinite&quot;:&quot;yes&quot;,&quot;effect&quot;:&quot;slide&quot;,&quot;speed&quot;:500}\" data-widget_type=\"image-carousel.default\">\n\t\t\t\t<div class=\"elementor-widget-container\">\n\t\t\t\t\t\t\t<div class=\"elementor-image-carousel-wrapper swiper\" role=\"region\" aria-roledescription=\"carousel\" aria-label=\"Carrusel de im\u00e1genes\" dir=\"ltr\">\n\t\t\t<div class=\"elementor-image-carousel swiper-wrapper\" aria-live=\"polite\">\n\t\t\t\t\t\t\t\t<div class=\"swiper-slide\" role=\"group\" aria-roledescription=\"slide\" aria-label=\"1 de 5\"><figure class=\"swiper-slide-inner\"><img decoding=\"async\" class=\"swiper-slide-image\" src=\"https:\/\/calshandmadedesign.com\/wp-content\/uploads\/2022\/09\/26.casa-xais-MN-1024x903.jpg\" alt=\"26.casa xais-MN\" \/><\/figure><\/div><div class=\"swiper-slide\" role=\"group\" aria-roledescription=\"slide\" aria-label=\"2 de 5\"><figure class=\"swiper-slide-inner\"><img decoding=\"async\" class=\"swiper-slide-image\" src=\"https:\/\/calshandmadedesign.com\/wp-content\/uploads\/2022\/09\/27.testos-formigo-MN-1024x903.jpg\" alt=\"27.testos formigo-MN\" \/><\/figure><\/div><div class=\"swiper-slide\" role=\"group\" aria-roledescription=\"slide\" aria-label=\"3 de 5\"><figure class=\"swiper-slide-inner\"><img decoding=\"async\" class=\"swiper-slide-image\" src=\"https:\/\/calshandmadedesign.com\/wp-content\/uploads\/2022\/09\/28.escala-MN-1024x903.jpg\" alt=\"28.escala-MN\" \/><\/figure><\/div><div class=\"swiper-slide\" role=\"group\" aria-roledescription=\"slide\" aria-label=\"4 de 5\"><figure class=\"swiper-slide-inner\"><img decoding=\"async\" class=\"swiper-slide-image\" src=\"https:\/\/calshandmadedesign.com\/wp-content\/uploads\/2022\/09\/29.patinatge-MN-1024x903.jpg\" alt=\"29.patinatge-MN\" \/><\/figure><\/div><div class=\"swiper-slide\" role=\"group\" aria-roledescription=\"slide\" aria-label=\"5 de 5\"><figure class=\"swiper-slide-inner\"><img decoding=\"async\" class=\"swiper-slide-image\" src=\"https:\/\/calshandmadedesign.com\/wp-content\/uploads\/2022\/09\/30.lampara-MN-1024x903.jpg\" alt=\"30.lampara-MN\" \/><\/figure><\/div>\t\t\t<\/div>\n\t\t\t\t\t\t\t\t\t\t\t\t<div class=\"elementor-swiper-button elementor-swiper-button-prev\" role=\"button\" tabindex=\"0\">\n\t\t\t\t\t\t<i aria-hidden=\"true\" class=\"eicon-chevron-left\"><\/i>\t\t\t\t\t<\/div>\n\t\t\t\t\t<div class=\"elementor-swiper-button elementor-swiper-button-next\" role=\"button\" tabindex=\"0\">\n\t\t\t\t\t\t<i aria-hidden=\"true\" class=\"eicon-chevron-right\"><\/i>\t\t\t\t\t<\/div>\n\t\t\t\t\n\t\t\t\t\t\t\t\t\t<div class=\"swiper-pagination\"><\/div>\n\t\t\t\t\t\t\t\t\t<\/div>\n\t\t\t\t\t\t<\/div>\n\t\t\t\t<\/div>\n\t\t\t\t\t<\/div>\n\t\t<\/div>\n\t\t\t\t<div class=\"elementor-column elementor-col-50 elementor-top-column elementor-element elementor-element-084c008\" data-id=\"084c008\" data-element_type=\"column\" data-e-type=\"column\" data-settings=\"{&quot;background_background&quot;:&quot;classic&quot;}\">\n\t\t\t<div class=\"elementor-widget-wrap elementor-element-populated\">\n\t\t\t\t\t\t<div class=\"elementor-element elementor-element-11d57a5 elementor-widget elementor-widget-menu-anchor\" data-id=\"11d57a5\" data-element_type=\"widget\" data-e-type=\"widget\" data-widget_type=\"menu-anchor.default\">\n\t\t\t\t<div class=\"elementor-widget-container\">\n\t\t\t\t\t\t\t<div class=\"elementor-menu-anchor\" id=\"comprar\"><\/div>\n\t\t\t\t\t\t<\/div>\n\t\t\t\t<\/div>\n\t\t\t\t<div class=\"elementor-element elementor-element-88a936b elementor-widget elementor-widget-heading\" data-id=\"88a936b\" data-element_type=\"widget\" data-e-type=\"widget\" data-widget_type=\"heading.default\">\n\t\t\t\t<div class=\"elementor-widget-container\">\n\t\t\t\t\t<h2 class=\"elementor-heading-title elementor-size-default\">Pieza \u00fanica<\/h2>\t\t\t\t<\/div>\n\t\t\t\t<\/div>\n\t\t\t\t<div class=\"elementor-element elementor-element-bb416a3 elementor-widget__width-initial elementor-widget elementor-widget-text-editor\" data-id=\"bb416a3\" data-element_type=\"widget\" data-e-type=\"widget\" data-widget_type=\"text-editor.default\">\n\t\t\t\t<div class=\"elementor-widget-container\">\n\t\t\t\t\t\t\t\t\t<p>Aqu\u00ed ten\u00e9is algunos ejemplos de proyectos que hemos realizado. En la parte superior, sobre de mesa de madera y baldosa hidr\u00e1ulica.<br \/>En la izquierda y por orden de aparici\u00f3n: la casa de los corderos, peque\u00f1as macetas de hormig\u00f3n, escalera de hormig\u00f3n y madera, esculturas para el espect\u00e1culo de patinaje \u201cBurning man\u201d, l\u00e1mpara de madera y metal, huerto urbano de madera, piezas de porcelana.<\/p>\n\t\t\t\t\t\t\t\t<\/div>\n\t\t\t\t<\/div>\n\t\t\t\t<div class=\"elementor-element elementor-element-80a8169 elementor-align-left elementor-widget elementor-widget-button\" data-id=\"80a8169\" data-element_type=\"widget\" data-e-type=\"widget\" data-widget_type=\"button.default\">\n\t\t\t\t<div class=\"elementor-widget-container\">\n\t\t\t\t\t\t\t\t\t<div class=\"elementor-button-wrapper\">\n\t\t\t\t\t<a class=\"elementor-button elementor-button-link elementor-size-sm\" href=\"https:\/\/calshandmadedesign.com\/es\/contacto\/\">\n\t\t\t\t\t\t<span class=\"elementor-button-content-wrapper\">\n\t\t\t\t\t\t\t\t\t<span class=\"elementor-button-text\">contacta para un presupuesto<\/span>\n\t\t\t\t\t<\/span>\n\t\t\t\t\t<\/a>\n\t\t\t\t<\/div>\n\t\t\t\t\t\t\t\t<\/div>\n\t\t\t\t<\/div>\n\t\t\t\t\t<\/div>\n\t\t<\/div>\n\t\t\t\t\t<\/div>\n\t\t<\/section>\n\t\t\t\t<\/div>\n\t\t","protected":false},"excerpt":{"rendered":"<p>Pieza \u00fanica \u00bfTienes una idea que no sabes c\u00f3mo materializar?\u00bfQuieres un mueble u objeto \u00fanico inspirado en ti y en tu espacio?\u00bfTe interesa alguna de las piezas de Cals, pero necesitas unes medidas o acabados espec\u00edficos? comprar En Cals disponemos de la infraestructura necesaria para hacer realidad tus proyectos.El taller de cer\u00e1mica y la carpinter\u00eda [&hellip;]<\/p>\n","protected":false},"author":1,"featured_media":0,"parent":0,"menu_order":0,"comment_status":"closed","ping_status":"closed","template":"elementor_header_footer","meta":{"inline_featured_image":false,"footnotes":""},"class_list":["post-1513","page","type-page","status-publish","hentry"],"_links":{"self":[{"href":"https:\/\/calshandmadedesign.com\/es\/wp-json\/wp\/v2\/pages\/1513","targetHints":{"allow":["GET"]}}],"collection":[{"href":"https:\/\/calshandmadedesign.com\/es\/wp-json\/wp\/v2\/pages"}],"about":[{"href":"https:\/\/calshandmadedesign.com\/es\/wp-json\/wp\/v2\/types\/page"}],"author":[{"embeddable":true,"href":"https:\/\/calshandmadedesign.com\/es\/wp-json\/wp\/v2\/users\/1"}],"replies":[{"embeddable":true,"href":"https:\/\/calshandmadedesign.com\/es\/wp-json\/wp\/v2\/comments?post=1513"}],"version-history":[{"count":4,"href":"https:\/\/calshandmadedesign.com\/es\/wp-json\/wp\/v2\/pages\/1513\/revisions"}],"predecessor-version":[{"id":1657,"href":"https:\/\/calshandmadedesign.com\/es\/wp-json\/wp\/v2\/pages\/1513\/revisions\/1657"}],"wp:attachment":[{"href":"https:\/\/calshandmadedesign.com\/es\/wp-json\/wp\/v2\/media?parent=1513"}],"curies":[{"name":"wp","href":"https:\/\/api.w.org\/{rel}","templated":true}]}}