{"id":1517,"date":"2022-10-05T11:07:24","date_gmt":"2022-10-05T11:07:24","guid":{"rendered":"https:\/\/calshandmadedesign.com\/sobre-cals\/"},"modified":"2022-10-14T07:22:20","modified_gmt":"2022-10-14T07:22:20","slug":"sobre-cals","status":"publish","type":"page","link":"https:\/\/calshandmadedesign.com\/es\/sobre-cals\/","title":{"rendered":"Sobre Cals"},"content":{"rendered":"\t\t<div data-elementor-type=\"wp-page\" data-elementor-id=\"1517\" class=\"elementor elementor-1517 elementor-23\" data-elementor-post-type=\"page\">\n\t\t\t\t\t\t<section class=\"elementor-section elementor-top-section elementor-element elementor-element-d50ce47 elementor-section-full_width elementor-section-height-min-height imatgeinici elementor-section-height-default elementor-section-items-middle\" data-id=\"d50ce47\" data-element_type=\"section\" data-e-type=\"section\" data-settings=\"{&quot;background_background&quot;:&quot;classic&quot;}\">\n\t\t\t\t\t\t<div class=\"elementor-container elementor-column-gap-no\">\n\t\t\t\t\t<div class=\"elementor-column elementor-col-100 elementor-top-column elementor-element elementor-element-d5acbc5\" data-id=\"d5acbc5\" data-element_type=\"column\" data-e-type=\"column\">\n\t\t\t<div class=\"elementor-widget-wrap elementor-element-populated\">\n\t\t\t\t\t\t<div class=\"elementor-element elementor-element-cfde839 elementor-widget elementor-widget-text-editor\" data-id=\"cfde839\" data-element_type=\"widget\" data-e-type=\"widget\" data-widget_type=\"text-editor.default\">\n\t\t\t\t<div class=\"elementor-widget-container\">\n\t\t\t\t\t\t\t\t\t<p>Sobre cals<\/p>\n\t\t\t\t\t\t\t\t<\/div>\n\t\t\t\t<\/div>\n\t\t\t\t\t<\/div>\n\t\t<\/div>\n\t\t\t\t\t<\/div>\n\t\t<\/section>\n\t\t\t\t<section class=\"elementor-section elementor-top-section elementor-element elementor-element-9366f92 elementor-section-full_width elementor-section-height-default elementor-section-height-default\" data-id=\"9366f92\" data-element_type=\"section\" data-e-type=\"section\">\n\t\t\t\t\t\t<div class=\"elementor-container elementor-column-gap-no\">\n\t\t\t\t\t<div class=\"elementor-column elementor-col-100 elementor-top-column elementor-element elementor-element-063bedf\" data-id=\"063bedf\" data-element_type=\"column\" data-e-type=\"column\">\n\t\t\t<div class=\"elementor-widget-wrap elementor-element-populated\">\n\t\t\t\t\t\t<div class=\"elementor-element elementor-element-85238a2 elementor-widget__width-initial elementor-widget elementor-widget-text-editor\" data-id=\"85238a2\" data-element_type=\"widget\" data-e-type=\"widget\" data-widget_type=\"text-editor.default\">\n\t\t\t\t<div class=\"elementor-widget-container\">\n\t\t\t\t\t\t\t\t\t<p>Ante la necesidad de estar m\u00e1s en contacto con la materia, la arquitecta<br \/>Joana Descals, empieza el proyecto \u201cCals handmade design\u201d.<\/p>\n<p>Donde dise\u00f1a y produce, de forma artesanal, objetos que juntan<br \/>la inspiraci\u00f3n arquitect\u00f3nica de su profesi\u00f3n con la de los entornos<br \/>naturales que la acompa\u00f1an.<\/p>\n\t\t\t\t\t\t\t\t<\/div>\n\t\t\t\t<\/div>\n\t\t\t\t\t<\/div>\n\t\t<\/div>\n\t\t\t\t\t<\/div>\n\t\t<\/section>\n\t\t\t\t<section class=\"elementor-section elementor-top-section elementor-element elementor-element-064768e elementor-section-full_width dc-has-condition dc-condition-empty elementor-section-height-default elementor-section-height-default\" data-id=\"064768e\" data-element_type=\"section\" data-e-type=\"section\">\n\t\t\t\t\t\t<div class=\"elementor-container elementor-column-gap-no\">\n\t\t\t\t\t<div class=\"elementor-column elementor-col-33 elementor-top-column elementor-element elementor-element-7a97431\" data-id=\"7a97431\" data-element_type=\"column\" data-e-type=\"column\">\n\t\t\t<div class=\"elementor-widget-wrap elementor-element-populated\">\n\t\t\t\t\t\t<div class=\"elementor-element elementor-element-eca17d2 elementor-widget elementor-widget-image\" data-id=\"eca17d2\" data-element_type=\"widget\" data-e-type=\"widget\" data-widget_type=\"image.default\">\n\t\t\t\t<div class=\"elementor-widget-container\">\n\t\t\t\t\t\t\t\t\t\t\t\t\t\t\t<img fetchpriority=\"high\" decoding=\"async\" width=\"800\" height=\"1006\" src=\"https:\/\/calshandmadedesign.com\/wp-content\/uploads\/2022\/09\/sobre_cals_1-814x1024.jpg\" class=\"attachment-large size-large wp-image-1364\" alt=\"\" srcset=\"https:\/\/calshandmadedesign.com\/wp-content\/uploads\/2022\/09\/sobre_cals_1-814x1024.jpg 814w, https:\/\/calshandmadedesign.com\/wp-content\/uploads\/2022\/09\/sobre_cals_1-238x300.jpg 238w, https:\/\/calshandmadedesign.com\/wp-content\/uploads\/2022\/09\/sobre_cals_1-768x967.jpg 768w, https:\/\/calshandmadedesign.com\/wp-content\/uploads\/2022\/09\/sobre_cals_1-1220x1536.jpg 1220w, https:\/\/calshandmadedesign.com\/wp-content\/uploads\/2022\/09\/sobre_cals_1-300x378.jpg 300w, https:\/\/calshandmadedesign.com\/wp-content\/uploads\/2022\/09\/sobre_cals_1-600x755.jpg 600w, https:\/\/calshandmadedesign.com\/wp-content\/uploads\/2022\/09\/sobre_cals_1.jpg 1319w\" sizes=\"(max-width: 800px) 100vw, 800px\" \/>\t\t\t\t\t\t\t\t\t\t\t\t\t\t\t<\/div>\n\t\t\t\t<\/div>\n\t\t\t\t\t<\/div>\n\t\t<\/div>\n\t\t\t\t<div class=\"elementor-column elementor-col-33 elementor-top-column elementor-element elementor-element-50b2a58\" data-id=\"50b2a58\" data-element_type=\"column\" data-e-type=\"column\">\n\t\t\t<div class=\"elementor-widget-wrap elementor-element-populated\">\n\t\t\t\t\t\t<div class=\"elementor-element elementor-element-a5e7063 elementor-widget elementor-widget-image\" data-id=\"a5e7063\" data-element_type=\"widget\" data-e-type=\"widget\" data-widget_type=\"image.default\">\n\t\t\t\t<div class=\"elementor-widget-container\">\n\t\t\t\t\t\t\t\t\t\t\t\t\t\t\t<img decoding=\"async\" width=\"800\" height=\"1006\" src=\"https:\/\/calshandmadedesign.com\/wp-content\/uploads\/2022\/09\/sobre_cals_2-814x1024.jpg\" class=\"attachment-large size-large wp-image-1366\" alt=\"\" srcset=\"https:\/\/calshandmadedesign.com\/wp-content\/uploads\/2022\/09\/sobre_cals_2-814x1024.jpg 814w, https:\/\/calshandmadedesign.com\/wp-content\/uploads\/2022\/09\/sobre_cals_2-238x300.jpg 238w, https:\/\/calshandmadedesign.com\/wp-content\/uploads\/2022\/09\/sobre_cals_2-768x967.jpg 768w, https:\/\/calshandmadedesign.com\/wp-content\/uploads\/2022\/09\/sobre_cals_2-1220x1536.jpg 1220w, https:\/\/calshandmadedesign.com\/wp-content\/uploads\/2022\/09\/sobre_cals_2-300x378.jpg 300w, https:\/\/calshandmadedesign.com\/wp-content\/uploads\/2022\/09\/sobre_cals_2-600x755.jpg 600w, https:\/\/calshandmadedesign.com\/wp-content\/uploads\/2022\/09\/sobre_cals_2.jpg 1319w\" sizes=\"(max-width: 800px) 100vw, 800px\" \/>\t\t\t\t\t\t\t\t\t\t\t\t\t\t\t<\/div>\n\t\t\t\t<\/div>\n\t\t\t\t\t<\/div>\n\t\t<\/div>\n\t\t\t\t<div class=\"elementor-column elementor-col-33 elementor-top-column elementor-element elementor-element-ad2e26b\" data-id=\"ad2e26b\" data-element_type=\"column\" data-e-type=\"column\">\n\t\t\t<div class=\"elementor-widget-wrap elementor-element-populated\">\n\t\t\t\t\t\t<div class=\"elementor-element elementor-element-1a702c2 elementor-widget elementor-widget-image\" data-id=\"1a702c2\" data-element_type=\"widget\" data-e-type=\"widget\" data-widget_type=\"image.default\">\n\t\t\t\t<div class=\"elementor-widget-container\">\n\t\t\t\t\t\t\t\t\t\t\t\t\t\t\t<img decoding=\"async\" width=\"800\" height=\"1006\" src=\"https:\/\/calshandmadedesign.com\/wp-content\/uploads\/2022\/09\/sobre_cals_3-814x1024.jpg\" class=\"attachment-large size-large wp-image-1368\" alt=\"\" srcset=\"https:\/\/calshandmadedesign.com\/wp-content\/uploads\/2022\/09\/sobre_cals_3-814x1024.jpg 814w, https:\/\/calshandmadedesign.com\/wp-content\/uploads\/2022\/09\/sobre_cals_3-238x300.jpg 238w, https:\/\/calshandmadedesign.com\/wp-content\/uploads\/2022\/09\/sobre_cals_3-768x967.jpg 768w, https:\/\/calshandmadedesign.com\/wp-content\/uploads\/2022\/09\/sobre_cals_3-1220x1536.jpg 1220w, https:\/\/calshandmadedesign.com\/wp-content\/uploads\/2022\/09\/sobre_cals_3-300x378.jpg 300w, https:\/\/calshandmadedesign.com\/wp-content\/uploads\/2022\/09\/sobre_cals_3-600x755.jpg 600w, https:\/\/calshandmadedesign.com\/wp-content\/uploads\/2022\/09\/sobre_cals_3.jpg 1319w\" sizes=\"(max-width: 800px) 100vw, 800px\" \/>\t\t\t\t\t\t\t\t\t\t\t\t\t\t\t<\/div>\n\t\t\t\t<\/div>\n\t\t\t\t\t<\/div>\n\t\t<\/div>\n\t\t\t\t\t<\/div>\n\t\t<\/section>\n\t\t\t\t<section class=\"elementor-section elementor-top-section elementor-element elementor-element-72b219e elementor-section-full_width elementor-section-height-default elementor-section-height-default\" data-id=\"72b219e\" data-element_type=\"section\" data-e-type=\"section\">\n\t\t\t\t\t\t<div class=\"elementor-container elementor-column-gap-no\">\n\t\t\t\t\t<div class=\"elementor-column elementor-col-100 elementor-top-column elementor-element elementor-element-22c3310\" data-id=\"22c3310\" data-element_type=\"column\" data-e-type=\"column\">\n\t\t\t<div class=\"elementor-widget-wrap elementor-element-populated\">\n\t\t\t\t\t\t<div class=\"elementor-element elementor-element-cb71673 elementor-widget__width-initial elementor-widget elementor-widget-text-editor\" data-id=\"cb71673\" data-element_type=\"widget\" data-e-type=\"widget\" data-widget_type=\"text-editor.default\">\n\t\t\t\t<div class=\"elementor-widget-container\">\n\t\t\t\t\t\t\t\t\t<p>Piezas hechas una a una, respetando los tiempos necesarios de cada proceso de fabricaci\u00f3n y utilizando materiales nobles para conseguir los m\u00e1ximos est\u00e1ndares de calidad.<\/p>\n<p>Objetos \u00fanicos que te har\u00e1n disfrutar de tu hogar en los<br \/>momentos de descanso.<\/p>\n\t\t\t\t\t\t\t\t<\/div>\n\t\t\t\t<\/div>\n\t\t\t\t\t<\/div>\n\t\t<\/div>\n\t\t\t\t\t<\/div>\n\t\t<\/section>\n\t\t\t\t<section class=\"elementor-section elementor-top-section elementor-element elementor-element-5688c37 elementor-section-full_width elementor-section-height-default elementor-section-height-default\" data-id=\"5688c37\" data-element_type=\"section\" data-e-type=\"section\" data-settings=\"{&quot;background_background&quot;:&quot;classic&quot;}\">\n\t\t\t\t\t\t<div class=\"elementor-container elementor-column-gap-no\">\n\t\t\t\t\t<div class=\"elementor-column elementor-col-100 elementor-top-column elementor-element elementor-element-fda69cc\" data-id=\"fda69cc\" data-element_type=\"column\" data-e-type=\"column\">\n\t\t\t<div class=\"elementor-widget-wrap elementor-element-populated\">\n\t\t\t\t\t\t<div class=\"elementor-element elementor-element-215c0a8 elementor-widget elementor-widget-spacer\" data-id=\"215c0a8\" data-element_type=\"widget\" data-e-type=\"widget\" data-widget_type=\"spacer.default\">\n\t\t\t\t<div class=\"elementor-widget-container\">\n\t\t\t\t\t\t\t<div class=\"elementor-spacer\">\n\t\t\t<div class=\"elementor-spacer-inner\"><\/div>\n\t\t<\/div>\n\t\t\t\t\t\t<\/div>\n\t\t\t\t<\/div>\n\t\t\t\t\t<\/div>\n\t\t<\/div>\n\t\t\t\t\t<\/div>\n\t\t<\/section>\n\t\t\t\t<\/div>\n\t\t","protected":false},"excerpt":{"rendered":"<p>Sobre cals Ante la necesidad de estar m\u00e1s en contacto con la materia, la arquitectaJoana Descals, empieza el proyecto \u201cCals handmade design\u201d. Donde dise\u00f1a y produce, de forma artesanal, objetos que juntanla inspiraci\u00f3n arquitect\u00f3nica de su profesi\u00f3n con la de los entornosnaturales que la acompa\u00f1an. Piezas hechas una a una, respetando los tiempos necesarios de [&hellip;]<\/p>\n","protected":false},"author":1,"featured_media":0,"parent":0,"menu_order":0,"comment_status":"closed","ping_status":"closed","template":"elementor_header_footer","meta":{"inline_featured_image":false,"footnotes":""},"class_list":["post-1517","page","type-page","status-publish","hentry"],"_links":{"self":[{"href":"https:\/\/calshandmadedesign.com\/es\/wp-json\/wp\/v2\/pages\/1517","targetHints":{"allow":["GET"]}}],"collection":[{"href":"https:\/\/calshandmadedesign.com\/es\/wp-json\/wp\/v2\/pages"}],"about":[{"href":"https:\/\/calshandmadedesign.com\/es\/wp-json\/wp\/v2\/types\/page"}],"author":[{"embeddable":true,"href":"https:\/\/calshandmadedesign.com\/es\/wp-json\/wp\/v2\/users\/1"}],"replies":[{"embeddable":true,"href":"https:\/\/calshandmadedesign.com\/es\/wp-json\/wp\/v2\/comments?post=1517"}],"version-history":[{"count":1,"href":"https:\/\/calshandmadedesign.com\/es\/wp-json\/wp\/v2\/pages\/1517\/revisions"}],"predecessor-version":[{"id":1518,"href":"https:\/\/calshandmadedesign.com\/es\/wp-json\/wp\/v2\/pages\/1517\/revisions\/1518"}],"wp:attachment":[{"href":"https:\/\/calshandmadedesign.com\/es\/wp-json\/wp\/v2\/media?parent=1517"}],"curies":[{"name":"wp","href":"https:\/\/api.w.org\/{rel}","templated":true}]}}